{"id":2736,"date":"2021-07-04T12:59:42","date_gmt":"2021-07-04T10:59:42","guid":{"rendered":"https:\/\/peintre-emile-frandsen.com\/?page_id=2736"},"modified":"2021-07-19T12:46:54","modified_gmt":"2021-07-19T10:46:54","slug":"biographie-3","status":"publish","type":"page","link":"https:\/\/peintre-emile-frandsen.com\/index.php\/biographie-3\/","title":{"rendered":"Biographie 3"},"content":{"rendered":"<p>[vc_row css=&#8221;.vc_custom_1625396467062{margin-top: 150px !important;}&#8221;][vc_column][vc_single_image image=&#8221;2327&#8243; img_size=&#8221;full&#8221; alignment=&#8221;center&#8221;][\/vc_column][\/vc_row][vc_row css=&#8221;.vc_custom_1625407640736{margin-top: 50px !important;margin-left: 0px !important;padding-left: 0px !important;}&#8221;][vc_column width=&#8221;1\/4&#8243;][vc_single_image image=&#8221;917&#8243; img_size=&#8221;500*1150&#8243; onclick=&#8221;link_image&#8221;][\/vc_column][vc_column width=&#8221;3\/4&#8243;][vc_column_text]<strong>14 juin 1902 :\u00a0 <\/strong>Naissance, \u00e0 H\u00e9nin-Li\u00e9tard (Pas-de-Calais), d\u2019\u00c9mile-Th\u00e9odore Frans. Le patronyme de son grand-p\u00e8re danois, Peter Frandsen, avait \u00e9t\u00e9 francis\u00e9. Il grandit aupr\u00e8s de ses cinq fr\u00e8res et soeurs dans une famille catholique. Notable engag\u00e9 dans une d\u00e9marche sociale, son p\u00e8re, Charles Frans, est \u00e9galement l\u2019auteur d\u2019une histoire de la ville d\u2019H\u00e9nin-Li\u00e9tard.<\/p>\n<p><strong>1926 : <\/strong>Il se marie religieusement avec Yvonne Spriet, \u00e0 H\u00e9nin-Li\u00e9tard.<\/p>\n<p><strong>1929 : <\/strong>Naissance du premier enfant du couple, Monique.<\/p>\n<p><strong>1930 : <\/strong>Naissance de Philippe, deuxi\u00e8me enfant du couple.<\/p>\n<p><strong>1933 : <\/strong>Naissance du benjamin, Gonzague.<\/p>\n<p><strong>1934 : <\/strong>Il rencontre Ren\u00e9e, qui sera d\u00e9sormais sa compagne, et se partage entre ses affaires dans le Nord et sa vie parisienne, o\u00f9 il \u00e9tudie la peinture \u00e0 l\u2019\u00c9cole des Beaux-arts.[\/vc_column_text][\/vc_column][\/vc_row][vc_row css=&#8221;.vc_custom_1625397271162{margin-top: 50px !important;}&#8221;][vc_column width=&#8221;1\/3&#8243;][vc_single_image image=&#8221;2775&#8243; img_size=&#8221;500&#215;700&#8243; alignment=&#8221;center&#8221; onclick=&#8221;link_image&#8221;][\/vc_column][vc_column width=&#8221;2\/3&#8243;][vc_single_image image=&#8221;919&#8243; img_size=&#8221;full&#8221; alignment=&#8221;right&#8221; onclick=&#8221;link_image&#8221;][\/vc_column][\/vc_row][vc_row css=&#8221;.vc_custom_1625407737440{margin-top: 20px !important;}&#8221;][vc_column width=&#8221;3\/4&#8243;][vc_empty_space][vc_column_text]<\/p>\n<p style=\"text-align: justify;\"><strong>1937 : <\/strong>Participation au Salon d\u2019automne.<\/p>\n<p style=\"text-align: justify;\"><strong>1943 : <\/strong>Apr\u00e8s avoir connu la d\u00e9b\u00e2cle de l\u2019arm\u00e9e fran\u00e7aise en 1940, lui et sa compagne Ren\u00e9e rejoignent les Forces fran\u00e7aises de l\u2019int\u00e9rieur et s\u2019engagent dans le r\u00e9seau du \u00a0lieutenant-colonel Maurice Bouchery, chef du mouvement de R\u00e9sistance \u00ab Voix du Nord \u00bb.<\/p>\n<p style=\"text-align: justify;\">Cette p\u00e9riode intense, o\u00f9 les moments d\u2019exaltation alternent avec la peur et\u00a0 l\u2019h\u00e9ro\u00efsme, constitue un tournant d\u00e9cisif dans son inspiration cr\u00e9atrice. Quelques ann\u00e9es plus tard, il se souvient combien l\u2019exp\u00e9rience de la barbarie de la guerre et de l\u2019Occupation nazie est fondatrice : \u00ab J\u2019ai compris que nos valeurs avaient fait faillite. Il ne restait que l\u2019Art. \u00bb<\/p>\n<p style=\"text-align: justify;\">Durant ces ann\u00e9es, il \u00e9crit de nombreux po\u00e8mes et peint avec passion : \u00ab l\u2019Art pour moi, c\u2019\u00e9tait un Culte ! \/ je le priais partout \u00bb, se souvient-il, dans un po\u00e8me.<\/p>\n<p>[\/vc_column_text][\/vc_column][vc_column width=&#8221;1\/4&#8243;][vc_single_image image=&#8221;623&#8243; img_size=&#8221;full&#8221; alignment=&#8221;center&#8221; onclick=&#8221;link_image&#8221;][vc_single_image image=&#8221;621&#8243; img_size=&#8221;full&#8221; onclick=&#8221;link_image&#8221;][\/vc_column][\/vc_row][vc_row css=&#8221;.vc_custom_1625397258726{margin-top: 50px !important;}&#8221;][vc_column width=&#8221;1\/4&#8243;][vc_empty_space height=&#8221;15&#8243;][vc_single_image image=&#8221;2765&#8243; img_size=&#8221;full&#8221; onclick=&#8221;link_image&#8221;][\/vc_column][vc_column width=&#8221;3\/4&#8243;][vc_column_text]<\/p>\n<p style=\"text-align: justify;\"><strong>1962 :<\/strong> Sa compagne Ren\u00e9e d\u00e9c\u00e8de. Il en est effondr\u00e9, mais reprend ses pinceaux, d\u00e9butant la troisi\u00e8me \u00e9poque de son oeuvre, dont se d\u00e9gage une atmosph\u00e8re plus apais\u00e9e, \u00e0 l\u2019image de tableaux comme \u00ab L\u2019amour dans la ville \u00bb ou \u00ab Le jeune homme contre le vent \u00bb, peint en juillet 1968, quelques mois avant sa mort, le 11 avril 1969.<\/p>\n<p style=\"text-align: justify;\"><strong>1966 :<\/strong> Rencontre avec Jacqueline Thomas, m\u00e8re de l\u2019\u00e9crivain Chantal Thomas. Il am\u00e9nage son dernier atelier dans une d\u00e9pendance de lar bastide et y re\u00e7oit les journalistes et les visiteurs.<\/p>\n<p style=\"text-align: justify;\"><strong>1967 :<\/strong> Entretien radiophonique avec Radio Nice. Il se trouve dans la troisi\u00e8me \u00e9poque de son oeuvre, illustr\u00e9e par des tableaux comme \u00ab L\u2019amour dans la ville \u00bb. On y retrouve le \u00ab tensisme \u00bb, m\u00eal\u00e9 \u00e0 une pl\u00e9nitude et une sereinit\u00e9 retrouv\u00e9e.<\/p>\n<p style=\"text-align: justify;\"><strong>1968 :<\/strong> Il peint \u00ab Le jeune homme contre le vent \u00bb et \u00ab Couple sur fond rouge \u00bb.<\/p>\n<p style=\"text-align: justify;\">[\/vc_column_text][\/vc_column][\/vc_row][vc_row][vc_column width=&#8221;1\/2&#8243;][vc_single_image image=&#8221;2381&#8243; img_size=&#8221;600&#215;405&#8243; onclick=&#8221;link_image&#8221;][\/vc_column][vc_column width=&#8221;1\/2&#8243;][vc_single_image image=&#8221;927&#8243; img_size=&#8221;full&#8221; alignment=&#8221;right&#8221; onclick=&#8221;link_image&#8221;][\/vc_column][\/vc_row][vc_row][vc_column][vc_empty_space height=&#8221;25&#8243;][vc_column_text]<\/p>\n<p style=\"text-align: justify;\"><strong>1969 :<\/strong> Atteint d\u2019un cancer fulgurant, il d\u00e9c\u00e8de le 11 avril, \u00e0 Grasse.<\/p>\n<p style=\"text-align: justify;\"><strong>1970<\/strong> <strong>:<\/strong> Invit\u00e9s au festival Popanalia, \u00e0 Biot, Eric Clapton et son groupe, sont h\u00e9berg\u00e9s dans la maison de Valbonne. S\u00e9duit par une oeuvre d\u2019\u00c9mile-Th\u00e9odore Frandsen, Eric Clapton se voit offrir la peinture qui deviendra la pochette de Layla and Other Assorted Love Songs, l\u2019un des albums majeurs du rock des ann\u00e9es 1970. Vendu \u00e0 des millions d\u2019exemplaires, ce disque c\u00e9l\u00e8bre dans le monde entier fait un lien inattendu avec le monde de la Pop.<\/p>\n<p style=\"text-align: justify;\"><strong>2006 :<\/strong> \u00c9mile-Th\u00e9odore Frandsen fait son apparition dans le dictionnaire universel des artistes, B\u00e9n\u00e9zit.<\/p>\n<p style=\"text-align: justify;\"><strong>2007 :<\/strong> La galerie Ada Loumani accueille une r\u00e9trospective, \u00e0 Valbonne, la premi\u00e8re depuis le d\u00e9c\u00e8s de l\u2019artiste. De 2007 \u00e0 2009, la famille expose des peintures de la p\u00e9riode tensiste au Salon des artistes ind\u00e9pendants, \u00e0 titre de r\u00e9trospective.<\/p>\n<p>[\/vc_column_text][vc_empty_space height=&#8221;80&#8243;][vc_single_image image=&#8221;2778&#8243; img_size=&#8221;500&#215;500&#8243; alignment=&#8221;center&#8221; style=&#8221;vc_box_border_circle&#8221; border_color=&#8221;black&#8221;][vc_column_text]<\/p>\n<p style=\"text-align: center;\"><span style=\"font-family: tahoma, arial, helvetica, sans-serif;\">\u00c9mile Th\u00e9odore Frandsen<\/span><\/p>\n<p>[\/vc_column_text][\/vc_column][\/vc_row]<\/p>\n","protected":false},"excerpt":{"rendered":"<p>[vc_row css=&#8221;.vc_custom_1625396467062{margin-top: 150px !important;}&#8221;][vc_column][vc_single_image image=&#8221;2327&#8243; img_size=&#8221;full&#8221; alignment=&#8221;center&#8221;][\/vc_column][\/vc_row][vc_row css=&#8221;.vc_custom_1625407640736{margin-top: 50px !important;margin-left: 0px !important;padding-left: 0px !important;}&#8221;][vc_column width=&#8221;1\/4&#8243;][vc_single_image image=&#8221;917&#8243; img_size=&#8221;500*1150&#8243; onclick=&#8221;link_image&#8221;][\/vc_column][vc_column width=&#8221;3\/4&#8243;][vc_column_text]14 juin 1902 :\u00a0 Naissance, \u00e0 H\u00e9nin-Li\u00e9tard (Pas-de-Calais), d\u2019\u00c9mile-Th\u00e9odore Frans. Le patronyme de son grand-p\u00e8re danois, Peter Frandsen, avait \u00e9t\u00e9 francis\u00e9. Il grandit aupr\u00e8s de ses cinq fr\u00e8res et soeurs dans une famille catholique. Notable engag\u00e9 dans &hellip;<\/p>\n<p class=\"read-more\"> <a class=\"\" href=\"https:\/\/peintre-emile-frandsen.com\/index.php\/biographie-3\/\"> <span class=\"screen-reader-text\">Biographie 3<\/span> Lire la suite\u00a0\u00bb<\/a><\/p>\n","protected":false},"author":1,"featured_media":0,"parent":0,"menu_order":0,"comment_status":"closed","ping_status":"closed","template":"","meta":[],"_links":{"self":[{"href":"https:\/\/peintre-emile-frandsen.com\/index.php\/wp-json\/wp\/v2\/pages\/2736"}],"collection":[{"href":"https:\/\/peintre-emile-frandsen.com\/index.php\/wp-json\/wp\/v2\/pages"}],"about":[{"href":"https:\/\/peintre-emile-frandsen.com\/index.php\/wp-json\/wp\/v2\/types\/page"}],"author":[{"embeddable":true,"href":"https:\/\/peintre-emile-frandsen.com\/index.php\/wp-json\/wp\/v2\/users\/1"}],"replies":[{"embeddable":true,"href":"https:\/\/peintre-emile-frandsen.com\/index.php\/wp-json\/wp\/v2\/comments?post=2736"}],"version-history":[{"count":18,"href":"https:\/\/peintre-emile-frandsen.com\/index.php\/wp-json\/wp\/v2\/pages\/2736\/revisions"}],"predecessor-version":[{"id":2820,"href":"https:\/\/peintre-emile-frandsen.com\/index.php\/wp-json\/wp\/v2\/pages\/2736\/revisions\/2820"}],"wp:attachment":[{"href":"https:\/\/peintre-emile-frandsen.com\/index.php\/wp-json\/wp\/v2\/media?parent=2736"}],"curies":[{"name":"wp","href":"https:\/\/api.w.org\/{rel}","templated":true}]}}